{"id":110,"date":"2025-07-14T11:23:59","date_gmt":"2025-07-14T11:23:59","guid":{"rendered":"https:\/\/rohuinnovations.com\/?page_id=110"},"modified":"2025-08-22T20:11:16","modified_gmt":"2025-08-22T18:11:16","slug":"blog","status":"publish","type":"page","link":"https:\/\/rohuinnovations.com\/en\/blog\/","title":{"rendered":"Blog"},"content":{"rendered":"<div data-elementor-type=\"wp-page\" data-elementor-id=\"110\" class=\"elementor elementor-110\" data-elementor-post-type=\"page\">\n\t\t\t\t<div class=\"elementor-element elementor-element-5d83a32a e-flex e-con-boxed e-con e-parent\" data-id=\"5d83a32a\" data-element_type=\"container\" data-e-type=\"container\">\n\t\t\t\t\t<div class=\"e-con-inner\">\n\t\t\t\t<div class=\"elementor-element elementor-element-6c4719a9 elementor-widget elementor-widget-heading\" data-id=\"6c4719a9\" data-element_type=\"widget\" data-e-type=\"widget\" data-widget_type=\"heading.default\">\n\t\t\t\t\t<h1 class=\"elementor-heading-title elementor-size-default\">Applied innovation \n<\/h1>\t\t\t\t<\/div>\n\t\t\t\t<div class=\"elementor-element elementor-element-278b4a00 elementor-widget elementor-widget-text-editor\" data-id=\"278b4a00\" data-element_type=\"widget\" data-e-type=\"widget\" data-widget_type=\"text-editor.default\">\n\t\t\t\t\t\t\t\t\t<p><span style=\"font-weight: 400;\">Success stories and technical articles that show\u00a0<\/span><span style=\"font-weight: 400;\">the power of\u00a0<\/span><span style=\"font-weight: 400;\">aerial technology to solve current and future challenges.<\/span><\/p>\t\t\t\t\t\t\t\t<\/div>\n\t\t\t\t\t<\/div>\n\t\t\t\t<\/div>\n\t\t<div class=\"elementor-element elementor-element-ac01eba e-flex e-con-boxed e-con e-parent\" data-id=\"ac01eba\" data-element_type=\"container\" data-e-type=\"container\">\n\t\t\t\t\t<div class=\"e-con-inner\">\n\t\t\t\t<div class=\"elementor-element elementor-element-cba822d elementor-grid-tablet-3 elementor-grid-3 elementor-grid-mobile-1 elementor-posts--thumbnail-top elementor-widget elementor-widget-posts\" data-id=\"cba822d\" data-element_type=\"widget\" data-e-type=\"widget\" data-settings=\"{&quot;classic_row_gap&quot;:{&quot;unit&quot;:&quot;px&quot;,&quot;size&quot;:50,&quot;sizes&quot;:[]},&quot;classic_columns_tablet&quot;:&quot;3&quot;,&quot;pagination_type&quot;:&quot;prev_next&quot;,&quot;classic_columns&quot;:&quot;3&quot;,&quot;classic_columns_mobile&quot;:&quot;1&quot;,&quot;classic_row_gap_tablet&quot;:{&quot;unit&quot;:&quot;px&quot;,&quot;size&quot;:&quot;&quot;,&quot;sizes&quot;:[]},&quot;classic_row_gap_mobile&quot;:{&quot;unit&quot;:&quot;px&quot;,&quot;size&quot;:&quot;&quot;,&quot;sizes&quot;:[]}}\" data-widget_type=\"posts.classic\">\n\t\t\t\t<div class=\"elementor-widget-container\">\n\t\t\t\t\t\t\t<div class=\"elementor-posts-container elementor-posts elementor-posts--skin-classic elementor-grid\" role=\"list\">\n\t\t\t\t<article class=\"elementor-post elementor-grid-item post-1222 post type-post status-publish format-standard has-post-thumbnail hentry category-uncategorized\" role=\"listitem\">\n\t\t\t\t<a class=\"elementor-post__thumbnail__link\" href=\"https:\/\/rohuinnovations.com\/en\/elevando-la-eficiencia-inspeccion-de-parques-solares-con-drones\/\" tabindex=\"-1\" target=\"&quot;_blank&quot;\">\n\t\t\t<div class=\"elementor-post__thumbnail\"><img fetchpriority=\"high\" decoding=\"async\" width=\"1536\" height=\"1024\" src=\"https:\/\/rohuinnovations.com\/wp-content\/uploads\/2025\/07\/Inspeccion-de-Parques-Solares-con-Drones-4-1536x1024-1.jpg\" class=\"attachment-full size-full wp-image-1224\" alt=\"\" srcset=\"https:\/\/rohuinnovations.com\/wp-content\/uploads\/2025\/07\/Inspeccion-de-Parques-Solares-con-Drones-4-1536x1024-1.jpg 1536w, https:\/\/rohuinnovations.com\/wp-content\/uploads\/2025\/07\/Inspeccion-de-Parques-Solares-con-Drones-4-1536x1024-1-300x200.jpg 300w, https:\/\/rohuinnovations.com\/wp-content\/uploads\/2025\/07\/Inspeccion-de-Parques-Solares-con-Drones-4-1536x1024-1-1024x683.jpg 1024w, https:\/\/rohuinnovations.com\/wp-content\/uploads\/2025\/07\/Inspeccion-de-Parques-Solares-con-Drones-4-1536x1024-1-768x512.jpg 768w\" sizes=\"(max-width: 1536px) 100vw, 1536px\" \/><\/div>\n\t\t<\/a>\n\t\t\t\t<div class=\"elementor-post__text\">\n\t\t\t\t<h3 class=\"elementor-post__title\">\n\t\t\t<a href=\"https:\/\/rohuinnovations.com\/en\/elevando-la-eficiencia-inspeccion-de-parques-solares-con-drones\/\" target=\"&quot;_blank&quot;\">\n\t\t\t\tIncreasing efficiency: inspecting solar parks with drones\t\t\t<\/a>\n\t\t<\/h3>\n\t\t\n\t\t<a class=\"elementor-post__read-more\" href=\"https:\/\/rohuinnovations.com\/en\/elevando-la-eficiencia-inspeccion-de-parques-solares-con-drones\/\" aria-label=\"Read more about Elevando la eficiencia: inspecci\u00f3n de parques solares con drones\" tabindex=\"-1\" target=\"_blank\">\n\t\t\tRead more \u2192\t\t<\/a>\n\n\t\t\t\t<\/div>\n\t\t\t\t<\/article>\n\t\t\t\t<article class=\"elementor-post elementor-grid-item post-1213 post type-post status-publish format-standard has-post-thumbnail hentry category-uncategorized\" role=\"listitem\">\n\t\t\t\t<a class=\"elementor-post__thumbnail__link\" href=\"https:\/\/rohuinnovations.com\/en\/transformando-la-agricultura-mapeo-y-monitoreo-de-cultivos-con-drones\/\" tabindex=\"-1\" target=\"&quot;_blank&quot;\">\n\t\t\t<div class=\"elementor-post__thumbnail\"><img decoding=\"async\" width=\"1980\" height=\"1320\" src=\"https:\/\/rohuinnovations.com\/wp-content\/uploads\/2025\/07\/DSC0123-1-1980x1320-1.jpg\" class=\"attachment-full size-full wp-image-1218\" alt=\"\" srcset=\"https:\/\/rohuinnovations.com\/wp-content\/uploads\/2025\/07\/DSC0123-1-1980x1320-1.jpg 1980w, https:\/\/rohuinnovations.com\/wp-content\/uploads\/2025\/07\/DSC0123-1-1980x1320-1-300x200.jpg 300w, https:\/\/rohuinnovations.com\/wp-content\/uploads\/2025\/07\/DSC0123-1-1980x1320-1-1024x683.jpg 1024w, https:\/\/rohuinnovations.com\/wp-content\/uploads\/2025\/07\/DSC0123-1-1980x1320-1-768x512.jpg 768w, https:\/\/rohuinnovations.com\/wp-content\/uploads\/2025\/07\/DSC0123-1-1980x1320-1-1536x1024.jpg 1536w\" sizes=\"(max-width: 1980px) 100vw, 1980px\" \/><\/div>\n\t\t<\/a>\n\t\t\t\t<div class=\"elementor-post__text\">\n\t\t\t\t<h3 class=\"elementor-post__title\">\n\t\t\t<a href=\"https:\/\/rohuinnovations.com\/en\/transformando-la-agricultura-mapeo-y-monitoreo-de-cultivos-con-drones\/\" target=\"&quot;_blank&quot;\">\n\t\t\t\tTransforming Agriculture: Mapping and Monitoring Crops with Drones\t\t\t<\/a>\n\t\t<\/h3>\n\t\t\n\t\t<a class=\"elementor-post__read-more\" href=\"https:\/\/rohuinnovations.com\/en\/transformando-la-agricultura-mapeo-y-monitoreo-de-cultivos-con-drones\/\" aria-label=\"Read more about Transformando la agricultura: mapeo y monitoreo de cultivos con drones\" tabindex=\"-1\" target=\"_blank\">\n\t\t\tRead more \u2192\t\t<\/a>\n\n\t\t\t\t<\/div>\n\t\t\t\t<\/article>\n\t\t\t\t<article class=\"elementor-post elementor-grid-item post-1208 post type-post status-publish format-standard has-post-thumbnail hentry category-uncategorized\" role=\"listitem\">\n\t\t\t\t<a class=\"elementor-post__thumbnail__link\" href=\"https:\/\/rohuinnovations.com\/en\/revolucion-en-inspecciones-indoor-drones-inteligentes-en-plantas-electricas\/\" tabindex=\"-1\" target=\"&quot;_blank&quot;\">\n\t\t\t<div class=\"elementor-post__thumbnail\"><img decoding=\"async\" width=\"2560\" height=\"1707\" src=\"https:\/\/rohuinnovations.com\/wp-content\/uploads\/2025\/07\/DSC0176-scaled.jpg\" class=\"attachment-full size-full wp-image-1024\" alt=\"\" srcset=\"https:\/\/rohuinnovations.com\/wp-content\/uploads\/2025\/07\/DSC0176-scaled.jpg 2560w, https:\/\/rohuinnovations.com\/wp-content\/uploads\/2025\/07\/DSC0176-300x200.jpg 300w, https:\/\/rohuinnovations.com\/wp-content\/uploads\/2025\/07\/DSC0176-1024x683.jpg 1024w, https:\/\/rohuinnovations.com\/wp-content\/uploads\/2025\/07\/DSC0176-768x512.jpg 768w, https:\/\/rohuinnovations.com\/wp-content\/uploads\/2025\/07\/DSC0176-1536x1024.jpg 1536w, https:\/\/rohuinnovations.com\/wp-content\/uploads\/2025\/07\/DSC0176-2048x1365.jpg 2048w\" sizes=\"(max-width: 2560px) 100vw, 2560px\" \/><\/div>\n\t\t<\/a>\n\t\t\t\t<div class=\"elementor-post__text\">\n\t\t\t\t<h3 class=\"elementor-post__title\">\n\t\t\t<a href=\"https:\/\/rohuinnovations.com\/en\/revolucion-en-inspecciones-indoor-drones-inteligentes-en-plantas-electricas\/\" target=\"&quot;_blank&quot;\">\n\t\t\t\tRevolution in indoor inspections: smart drones in power plants\t\t\t<\/a>\n\t\t<\/h3>\n\t\t\n\t\t<a class=\"elementor-post__read-more\" href=\"https:\/\/rohuinnovations.com\/en\/revolucion-en-inspecciones-indoor-drones-inteligentes-en-plantas-electricas\/\" aria-label=\"Read more about Revoluci\u00f3n en inspecciones indoor: drones inteligentes en plantas el\u00e9ctricas\" tabindex=\"-1\" target=\"_blank\">\n\t\t\tRead more \u2192\t\t<\/a>\n\n\t\t\t\t<\/div>\n\t\t\t\t<\/article>\n\t\t\t\t<article class=\"elementor-post elementor-grid-item post-442 post type-post status-publish format-standard has-post-thumbnail hentry category-casos-de-exito category-uncategorized tag-casosdeexito\" role=\"listitem\">\n\t\t\t\t<a class=\"elementor-post__thumbnail__link\" href=\"https:\/\/rohuinnovations.com\/en\/como-anticiparse-a-los-danos-y-proteger-infraestructuras\/\" tabindex=\"-1\" target=\"&quot;_blank&quot;\">\n\t\t\t<div class=\"elementor-post__thumbnail\"><img loading=\"lazy\" decoding=\"async\" width=\"423\" height=\"423\" src=\"https:\/\/rohuinnovations.com\/wp-content\/uploads\/2025\/07\/fce88eac-ce2d-4bb9-aa56-dea4e8eca3a6-scaled-2.jpg\" class=\"attachment-full size-full wp-image-712\" alt=\"\" srcset=\"https:\/\/rohuinnovations.com\/wp-content\/uploads\/2025\/07\/fce88eac-ce2d-4bb9-aa56-dea4e8eca3a6-scaled-2.jpg 423w, https:\/\/rohuinnovations.com\/wp-content\/uploads\/2025\/07\/fce88eac-ce2d-4bb9-aa56-dea4e8eca3a6-scaled-2-300x300.jpg 300w, https:\/\/rohuinnovations.com\/wp-content\/uploads\/2025\/07\/fce88eac-ce2d-4bb9-aa56-dea4e8eca3a6-scaled-2-150x150.jpg 150w\" sizes=\"(max-width: 423px) 100vw, 423px\" \/><\/div>\n\t\t<\/a>\n\t\t\t\t<div class=\"elementor-post__text\">\n\t\t\t\t<h3 class=\"elementor-post__title\">\n\t\t\t<a href=\"https:\/\/rohuinnovations.com\/en\/como-anticiparse-a-los-danos-y-proteger-infraestructuras\/\" target=\"&quot;_blank&quot;\">\n\t\t\t\tHow to anticipate damage and protect infrastructure\t\t\t<\/a>\n\t\t<\/h3>\n\t\t\n\t\t<a class=\"elementor-post__read-more\" href=\"https:\/\/rohuinnovations.com\/en\/como-anticiparse-a-los-danos-y-proteger-infraestructuras\/\" aria-label=\"Read more about C\u00f3mo anticiparse a los da\u00f1os y proteger infraestructuras\" tabindex=\"-1\" target=\"_blank\">\n\t\t\tRead more \u2192\t\t<\/a>\n\n\t\t\t\t<\/div>\n\t\t\t\t<\/article>\n\t\t\t\t<article class=\"elementor-post elementor-grid-item post-437 post type-post status-publish format-standard has-post-thumbnail hentry category-casos-de-exito category-uncategorized tag-casosdeexito\" role=\"listitem\">\n\t\t\t\t<a class=\"elementor-post__thumbnail__link\" href=\"https:\/\/rohuinnovations.com\/en\/control-inteligente-de-plagas-o-como-la-tecnologia-aerea-salvo-los-olivares\/\" tabindex=\"-1\" target=\"&quot;_blank&quot;\">\n\t\t\t<div class=\"elementor-post__thumbnail\"><img loading=\"lazy\" decoding=\"async\" width=\"1200\" height=\"1200\" src=\"https:\/\/rohuinnovations.com\/wp-content\/uploads\/2025\/07\/IMG_3288-scaled2.jpg\" class=\"attachment-full size-full wp-image-704\" alt=\"\" srcset=\"https:\/\/rohuinnovations.com\/wp-content\/uploads\/2025\/07\/IMG_3288-scaled2.jpg 1200w, https:\/\/rohuinnovations.com\/wp-content\/uploads\/2025\/07\/IMG_3288-scaled2-300x300.jpg 300w, https:\/\/rohuinnovations.com\/wp-content\/uploads\/2025\/07\/IMG_3288-scaled2-1024x1024.jpg 1024w, https:\/\/rohuinnovations.com\/wp-content\/uploads\/2025\/07\/IMG_3288-scaled2-150x150.jpg 150w, https:\/\/rohuinnovations.com\/wp-content\/uploads\/2025\/07\/IMG_3288-scaled2-768x768.jpg 768w\" sizes=\"(max-width: 1200px) 100vw, 1200px\" \/><\/div>\n\t\t<\/a>\n\t\t\t\t<div class=\"elementor-post__text\">\n\t\t\t\t<h3 class=\"elementor-post__title\">\n\t\t\t<a href=\"https:\/\/rohuinnovations.com\/en\/control-inteligente-de-plagas-o-como-la-tecnologia-aerea-salvo-los-olivares\/\" target=\"&quot;_blank&quot;\">\n\t\t\t\tSmart pest control: how aerial technology saved olive groves\t\t\t<\/a>\n\t\t<\/h3>\n\t\t\n\t\t<a class=\"elementor-post__read-more\" href=\"https:\/\/rohuinnovations.com\/en\/control-inteligente-de-plagas-o-como-la-tecnologia-aerea-salvo-los-olivares\/\" aria-label=\"Read more about Control inteligente de plagas o c\u00f3mo la tecnolog\u00eda a\u00e9rea salv\u00f3 los olivares\" tabindex=\"-1\" target=\"_blank\">\n\t\t\tRead more \u2192\t\t<\/a>\n\n\t\t\t\t<\/div>\n\t\t\t\t<\/article>\n\t\t\t\t<article class=\"elementor-post elementor-grid-item post-414 post type-post status-publish format-standard has-post-thumbnail hentry category-casos-de-exito category-uncategorized tag-casosdeexito\" role=\"listitem\">\n\t\t\t\t<a class=\"elementor-post__thumbnail__link\" href=\"https:\/\/rohuinnovations.com\/en\/como-proteger-fronteras-y-ampliar-la-vigilancia-sin-poner-vidas-en-riesgo\/\" tabindex=\"-1\" target=\"&quot;_blank&quot;\">\n\t\t\t<div class=\"elementor-post__thumbnail\"><img loading=\"lazy\" decoding=\"async\" width=\"1599\" height=\"899\" src=\"https:\/\/rohuinnovations.com\/wp-content\/uploads\/2025\/07\/1fbcfd96-7d86-40ba-a3a5-76fcf5ce6449.jpg\" class=\"attachment-full size-full wp-image-418\" alt=\"\" srcset=\"https:\/\/rohuinnovations.com\/wp-content\/uploads\/2025\/07\/1fbcfd96-7d86-40ba-a3a5-76fcf5ce6449.jpg 1599w, https:\/\/rohuinnovations.com\/wp-content\/uploads\/2025\/07\/1fbcfd96-7d86-40ba-a3a5-76fcf5ce6449-300x169.jpg 300w, https:\/\/rohuinnovations.com\/wp-content\/uploads\/2025\/07\/1fbcfd96-7d86-40ba-a3a5-76fcf5ce6449-1024x576.jpg 1024w, https:\/\/rohuinnovations.com\/wp-content\/uploads\/2025\/07\/1fbcfd96-7d86-40ba-a3a5-76fcf5ce6449-768x432.jpg 768w, https:\/\/rohuinnovations.com\/wp-content\/uploads\/2025\/07\/1fbcfd96-7d86-40ba-a3a5-76fcf5ce6449-1536x864.jpg 1536w\" sizes=\"(max-width: 1599px) 100vw, 1599px\" \/><\/div>\n\t\t<\/a>\n\t\t\t\t<div class=\"elementor-post__text\">\n\t\t\t\t<h3 class=\"elementor-post__title\">\n\t\t\t<a href=\"https:\/\/rohuinnovations.com\/en\/como-proteger-fronteras-y-ampliar-la-vigilancia-sin-poner-vidas-en-riesgo\/\" target=\"&quot;_blank&quot;\">\n\t\t\t\tHow to protect borders and expand surveillance without putting lives at risk\t\t\t<\/a>\n\t\t<\/h3>\n\t\t\n\t\t<a class=\"elementor-post__read-more\" href=\"https:\/\/rohuinnovations.com\/en\/como-proteger-fronteras-y-ampliar-la-vigilancia-sin-poner-vidas-en-riesgo\/\" aria-label=\"Read more about C\u00f3mo proteger fronteras y ampliar la vigilancia sin poner vidas en riesgo\" tabindex=\"-1\" target=\"_blank\">\n\t\t\tRead more \u2192\t\t<\/a>\n\n\t\t\t\t<\/div>\n\t\t\t\t<\/article>\n\t\t\t\t<\/div>\n\t\t\n\t\t\t\t\t\t<\/div>\n\t\t\t\t<\/div>\n\t\t\t\t\t<\/div>\n\t\t\t\t<\/div>\n\t\t<div class=\"elementor-element elementor-element-413637d7 e-flex e-con-boxed e-con e-parent\" data-id=\"413637d7\" data-element_type=\"container\" data-e-type=\"container\">\n\t\t\t\t\t<div class=\"e-con-inner\">\n\t\t\t\t<div class=\"elementor-element elementor-element-617ccf81 elementor-widget elementor-widget-heading\" data-id=\"617ccf81\" data-element_type=\"widget\" data-e-type=\"widget\" data-widget_type=\"heading.default\">\n\t\t\t\t\t<h2 class=\"elementor-heading-title elementor-size-default\">Aerial technology to improve your performance, reduce risks, and open up new opportunities.\n<\/h2>\t\t\t\t<\/div>\n\t\t\t\t<div class=\"elementor-element elementor-element-3aa43488 elementor-mobile-align-center elementor-align-center elementor-widget elementor-widget-button\" data-id=\"3aa43488\" data-element_type=\"widget\" data-e-type=\"widget\" data-widget_type=\"button.default\">\n\t\t\t\t\t\t\t\t\t\t<a class=\"elementor-button elementor-button-link elementor-size-sm\" href=\"https:\/\/rohuinnovations.com\/en\/contacto\/\">\n\t\t\t\t\t\t<span class=\"elementor-button-content-wrapper\">\n\t\t\t\t\t\t\t\t\t<span class=\"elementor-button-text\">Contact our team <\/span>\n\t\t\t\t\t<\/span>\n\t\t\t\t\t<\/a>\n\t\t\t\t\t\t\t\t<\/div>\n\t\t\t\t\t<\/div>\n\t\t\t\t<\/div>\n\t\t\t\t<\/div>","protected":false},"excerpt":{"rendered":"<p>Innovaci\u00f3n aplicada Casos de \u00e9xito y art\u00edculos t\u00e9cnicos que muestran\u00a0el poder de la\u00a0tecnolog\u00eda a\u00e9rea para resolver retos actuales y futuros. Tecnolog\u00eda a\u00e9rea para mejorar tu<\/p>","protected":false},"author":4,"featured_media":0,"parent":0,"menu_order":0,"comment_status":"closed","ping_status":"closed","template":"elementor_header_footer","meta":{"footnotes":""},"class_list":["post-110","page","type-page","status-publish","hentry"],"yoast_head":"<!-- This site is optimized with the Yoast SEO plugin v27.4 - https:\/\/yoast.com\/product\/yoast-seo-wordpress\/ -->\n<title>Innovaci\u00f3n aplicada<\/title>\n<meta name=\"description\" content=\"Casos de \u00e9xito y art\u00edculos t\u00e9cnicos que muestran el poder de la tecnolog\u00eda a\u00e9rea para resolver retos actuales y futuros.\" \/>\n<meta name=\"robots\" content=\"index, follow, max-snippet:-1, max-image-preview:large, max-video-preview:-1\" \/>\n<link rel=\"canonical\" href=\"https:\/\/rohuinnovations.com\/en\/blog\/\" \/>\n<meta property=\"og:locale\" content=\"en_US\" \/>\n<meta property=\"og:type\" content=\"article\" \/>\n<meta property=\"og:title\" content=\"Innovaci\u00f3n aplicada\" \/>\n<meta property=\"og:description\" content=\"Casos de \u00e9xito y art\u00edculos t\u00e9cnicos que muestran el poder de la tecnolog\u00eda a\u00e9rea para resolver retos actuales y futuros.\" \/>\n<meta property=\"og:url\" content=\"https:\/\/rohuinnovations.com\/en\/blog\/\" \/>\n<meta property=\"og:site_name\" content=\"Rohu Innovations\" \/>\n<meta property=\"article:modified_time\" content=\"2025-08-22T18:11:16+00:00\" \/>\n<meta name=\"twitter:card\" content=\"summary_large_image\" \/>\n<meta name=\"twitter:label1\" content=\"Est. reading time\" \/>\n\t<meta name=\"twitter:data1\" content=\"1 minute\" \/>\n<script type=\"application\/ld+json\" class=\"yoast-schema-graph\">{\"@context\":\"https:\\\/\\\/schema.org\",\"@graph\":[{\"@type\":\"WebPage\",\"@id\":\"https:\\\/\\\/rohuinnovations.com\\\/blog\\\/\",\"url\":\"https:\\\/\\\/rohuinnovations.com\\\/blog\\\/\",\"name\":\"Innovaci\u00f3n aplicada\",\"isPartOf\":{\"@id\":\"https:\\\/\\\/rohuinnovations.com\\\/#website\"},\"datePublished\":\"2025-07-14T11:23:59+00:00\",\"dateModified\":\"2025-08-22T18:11:16+00:00\",\"description\":\"Casos de \u00e9xito y art\u00edculos t\u00e9cnicos que muestran el poder de la tecnolog\u00eda a\u00e9rea para resolver retos actuales y futuros.\",\"breadcrumb\":{\"@id\":\"https:\\\/\\\/rohuinnovations.com\\\/blog\\\/#breadcrumb\"},\"inLanguage\":\"en-US\",\"potentialAction\":[{\"@type\":\"ReadAction\",\"target\":[\"https:\\\/\\\/rohuinnovations.com\\\/blog\\\/\"]}]},{\"@type\":\"BreadcrumbList\",\"@id\":\"https:\\\/\\\/rohuinnovations.com\\\/blog\\\/#breadcrumb\",\"itemListElement\":[{\"@type\":\"ListItem\",\"position\":1,\"name\":\"Portada\",\"item\":\"https:\\\/\\\/rohuinnovations.com\\\/\"},{\"@type\":\"ListItem\",\"position\":2,\"name\":\"Blog\"}]},{\"@type\":\"WebSite\",\"@id\":\"https:\\\/\\\/rohuinnovations.com\\\/#website\",\"url\":\"https:\\\/\\\/rohuinnovations.com\\\/\",\"name\":\"Rohu Innovations\",\"description\":\"\",\"publisher\":{\"@id\":\"https:\\\/\\\/rohuinnovations.com\\\/#organization\"},\"potentialAction\":[{\"@type\":\"SearchAction\",\"target\":{\"@type\":\"EntryPoint\",\"urlTemplate\":\"https:\\\/\\\/rohuinnovations.com\\\/?s={search_term_string}\"},\"query-input\":{\"@type\":\"PropertyValueSpecification\",\"valueRequired\":true,\"valueName\":\"search_term_string\"}}],\"inLanguage\":\"en-US\"},{\"@type\":\"Organization\",\"@id\":\"https:\\\/\\\/rohuinnovations.com\\\/#organization\",\"name\":\"Rohu Innovations\",\"url\":\"https:\\\/\\\/rohuinnovations.com\\\/\",\"logo\":{\"@type\":\"ImageObject\",\"inLanguage\":\"en-US\",\"@id\":\"https:\\\/\\\/rohuinnovations.com\\\/#\\\/schema\\\/logo\\\/image\\\/\",\"url\":\"https:\\\/\\\/rohuinnovations.com\\\/wp-content\\\/uploads\\\/2025\\\/07\\\/ROHU-logoHorizontal-rojo.png\",\"contentUrl\":\"https:\\\/\\\/rohuinnovations.com\\\/wp-content\\\/uploads\\\/2025\\\/07\\\/ROHU-logoHorizontal-rojo.png\",\"width\":1001,\"height\":313,\"caption\":\"Rohu Innovations\"},\"image\":{\"@id\":\"https:\\\/\\\/rohuinnovations.com\\\/#\\\/schema\\\/logo\\\/image\\\/\"}}]}<\/script>\n<!-- \/ Yoast SEO plugin. -->","yoast_head_json":{"title":"Applied innovation","description":"Casos de \u00e9xito y art\u00edculos t\u00e9cnicos que muestran el poder de la tecnolog\u00eda a\u00e9rea para resolver retos actuales y futuros.","robots":{"index":"index","follow":"follow","max-snippet":"max-snippet:-1","max-image-preview":"max-image-preview:large","max-video-preview":"max-video-preview:-1"},"canonical":"https:\/\/rohuinnovations.com\/en\/blog\/","og_locale":"en_US","og_type":"article","og_title":"Innovaci\u00f3n aplicada","og_description":"Casos de \u00e9xito y art\u00edculos t\u00e9cnicos que muestran el poder de la tecnolog\u00eda a\u00e9rea para resolver retos actuales y futuros.","og_url":"https:\/\/rohuinnovations.com\/en\/blog\/","og_site_name":"Rohu Innovations","article_modified_time":"2025-08-22T18:11:16+00:00","twitter_card":"summary_large_image","twitter_misc":{"Est. reading time":"1 minute"},"schema":{"@context":"https:\/\/schema.org","@graph":[{"@type":"WebPage","@id":"https:\/\/rohuinnovations.com\/blog\/","url":"https:\/\/rohuinnovations.com\/blog\/","name":"Applied innovation","isPartOf":{"@id":"https:\/\/rohuinnovations.com\/#website"},"datePublished":"2025-07-14T11:23:59+00:00","dateModified":"2025-08-22T18:11:16+00:00","description":"Casos de \u00e9xito y art\u00edculos t\u00e9cnicos que muestran el poder de la tecnolog\u00eda a\u00e9rea para resolver retos actuales y futuros.","breadcrumb":{"@id":"https:\/\/rohuinnovations.com\/blog\/#breadcrumb"},"inLanguage":"en-US","potentialAction":[{"@type":"ReadAction","target":["https:\/\/rohuinnovations.com\/blog\/"]}]},{"@type":"BreadcrumbList","@id":"https:\/\/rohuinnovations.com\/blog\/#breadcrumb","itemListElement":[{"@type":"ListItem","position":1,"name":"Portada","item":"https:\/\/rohuinnovations.com\/"},{"@type":"ListItem","position":2,"name":"Blog"}]},{"@type":"WebSite","@id":"https:\/\/rohuinnovations.com\/#website","url":"https:\/\/rohuinnovations.com\/","name":"Rohu Innovations","description":"","publisher":{"@id":"https:\/\/rohuinnovations.com\/#organization"},"potentialAction":[{"@type":"SearchAction","target":{"@type":"EntryPoint","urlTemplate":"https:\/\/rohuinnovations.com\/?s={search_term_string}"},"query-input":{"@type":"PropertyValueSpecification","valueRequired":true,"valueName":"search_term_string"}}],"inLanguage":"en-US"},{"@type":"Organization","@id":"https:\/\/rohuinnovations.com\/#organization","name":"Rohu Innovations","url":"https:\/\/rohuinnovations.com\/","logo":{"@type":"ImageObject","inLanguage":"en-US","@id":"https:\/\/rohuinnovations.com\/#\/schema\/logo\/image\/","url":"https:\/\/rohuinnovations.com\/wp-content\/uploads\/2025\/07\/ROHU-logoHorizontal-rojo.png","contentUrl":"https:\/\/rohuinnovations.com\/wp-content\/uploads\/2025\/07\/ROHU-logoHorizontal-rojo.png","width":1001,"height":313,"caption":"Rohu Innovations"},"image":{"@id":"https:\/\/rohuinnovations.com\/#\/schema\/logo\/image\/"}}]}},"_links":{"self":[{"href":"https:\/\/rohuinnovations.com\/en\/wp-json\/wp\/v2\/pages\/110","targetHints":{"allow":["GET"]}}],"collection":[{"href":"https:\/\/rohuinnovations.com\/en\/wp-json\/wp\/v2\/pages"}],"about":[{"href":"https:\/\/rohuinnovations.com\/en\/wp-json\/wp\/v2\/types\/page"}],"author":[{"embeddable":true,"href":"https:\/\/rohuinnovations.com\/en\/wp-json\/wp\/v2\/users\/4"}],"replies":[{"embeddable":true,"href":"https:\/\/rohuinnovations.com\/en\/wp-json\/wp\/v2\/comments?post=110"}],"version-history":[{"count":34,"href":"https:\/\/rohuinnovations.com\/en\/wp-json\/wp\/v2\/pages\/110\/revisions"}],"predecessor-version":[{"id":1525,"href":"https:\/\/rohuinnovations.com\/en\/wp-json\/wp\/v2\/pages\/110\/revisions\/1525"}],"wp:attachment":[{"href":"https:\/\/rohuinnovations.com\/en\/wp-json\/wp\/v2\/media?parent=110"}],"curies":[{"name":"wp","href":"https:\/\/api.w.org\/{rel}","templated":true}]}}