{"id":119,"date":"2025-07-14T11:25:50","date_gmt":"2025-07-14T11:25:50","guid":{"rendered":"https:\/\/rohuinnovations.com\/?page_id=119"},"modified":"2025-07-25T18:15:29","modified_gmt":"2025-07-25T16:15:29","slug":"politica-de-cookies","status":"publish","type":"page","link":"https:\/\/rohuinnovations.com\/en\/politica-de-cookies\/","title":{"rendered":"Pol\u00edtica de Cookies"},"content":{"rendered":"<div data-elementor-type=\"wp-page\" data-elementor-id=\"119\" class=\"elementor elementor-119\" data-elementor-post-type=\"page\">\n\t\t\t\t<div class=\"elementor-element elementor-element-8532b20 e-con-full e-flex e-con e-parent\" data-id=\"8532b20\" data-element_type=\"container\" data-e-type=\"container\" data-settings=\"{&quot;background_background&quot;:&quot;classic&quot;}\">\n\t\t\t\t<div class=\"elementor-element elementor-element-95710e3 elementor-widget elementor-widget-heading\" data-id=\"95710e3\" data-element_type=\"widget\" data-e-type=\"widget\" data-widget_type=\"heading.default\">\n\t\t\t\t\t<h1 class=\"elementor-heading-title elementor-size-default\">Pol\u00edtica de Cookies<\/h1>\t\t\t\t<\/div>\n\t\t\t\t<div class=\"elementor-element elementor-element-1de33fda elementor-widget elementor-widget-text-editor\" data-id=\"1de33fda\" data-element_type=\"widget\" data-e-type=\"widget\" data-widget_type=\"text-editor.default\">\n\t\t\t\t\t\t\t\t\t\n<p><span style=\"font-weight: 400;\">Fecha de \u00faltima actualizaci\u00f3n el 21\/07\/2025<\/span><\/p>\n<p><span style=\"font-weight: 400;\">En cumplimiento de lo dispuesto en el Reglamento (UE) 2016\/679 (RGPD), la Ley Org\u00e1nica 3\/2018 de Protecci\u00f3n de Datos Personales y garant\u00eda de los derechos digitales (LOPDGDD), y la Ley 34\/2002, de 11 de julio, de Servicios de la Sociedad de la Informaci\u00f3n y de Comercio Electr\u00f3nico (LSSICE), ROHU Innovations S.L. (en adelante, \u201cROHU\u201d) informa al usuario sobre el uso de cookies en su sitio web<\/span><a href=\"https:\/\/rohuinnovations.com\/en\/\"> <span style=\"font-weight: 400;\">https:\/\/rohuinnovations.com<\/span><\/a><span style=\"font-weight: 400;\">.<\/span><\/p>\n<h3 class=\"wp-block-heading\"><b>\u00bfQu\u00e9 son las cookies?<\/b><\/h3>\n<p><span style=\"font-weight: 400;\">Las cookies son peque\u00f1os archivos de texto que un sitio web almacena en el dispositivo del usuario (ordenador, smartphone, tablet) al navegar por Internet. Estas permiten que el sitio recuerde informaci\u00f3n sobre su visita, como el idioma preferido o las p\u00e1ginas m\u00e1s visitadas, con el objetivo de mejorar la experiencia de navegaci\u00f3n.<\/span><\/p>\n<h3><b>Tipos de cookies utilizadas<\/b><\/h3>\n<p><span style=\"font-weight: 400;\">En este sitio web se pueden utilizar las siguientes categor\u00edas de cookies:<\/span><\/p>\n<h4><b>1. Cookies t\u00e9cnicas o necesarias (exceptuadas del consentimiento)<\/b><\/h4>\n<p><span style=\"font-weight: 400;\">Son esenciales para el funcionamiento b\u00e1sico del sitio web. Permiten funciones como la autenticaci\u00f3n, la navegaci\u00f3n segura y el acceso a \u00e1reas restringidas.<\/span><\/p>\n<h4><b>2. Cookies de an\u00e1lisis o medici\u00f3n<\/b><\/h4>\n<p><span style=\"font-weight: 400;\">Permiten cuantificar el n\u00famero de usuarios y as\u00ed realizar medici\u00f3n y an\u00e1lisis estad\u00edstico del uso que hacen los usuarios del servicio ofertado. Se utilizan para mejorar la experiencia de navegaci\u00f3n.<\/span><\/p>\n<h4><b>3. Cookies de personalizaci\u00f3n<\/b><\/h4>\n<p><span style=\"font-weight: 400;\">Permiten recordar informaci\u00f3n que cambia el aspecto o comportamiento del sitio (idioma, regi\u00f3n desde la que accede el usuario, etc.).<\/span><\/p>\n<h4><b>4. Cookies publicitarias y de marketing<\/b><\/h4>\n<p><span style=\"font-weight: 400;\">Se utilizan para mostrar publicidad personalizada en funci\u00f3n del perfil de navegaci\u00f3n del usuario. Estas cookies requieren consentimiento expl\u00edcito.<\/span><\/p>\n<h4><b>5. Cookies de redes sociales<\/b><\/h4>\n<p><span style=\"font-weight: 400;\">El sitio web puede contener botones para compartir en redes sociales. Estas plataformas pueden instalar sus propias cookies al interactuar con dichos elementos.<\/span><\/p>\n<h3><b>Cookies de terceros<\/b><\/h3>\n<p><span style=\"font-weight: 400;\">Este sitio puede utilizar servicios de terceros que, por cuenta de ROHU, recopilan informaci\u00f3n con fines estad\u00edsticos y publicitarios. Entre ellos:<\/span><\/p>\n<p><span style=\"font-weight: 400;\">Facebook:<\/span><a href=\"https:\/\/www.facebook.com\/policies\/cookies\/\"> <span style=\"font-weight: 400;\">Pol\u00edtica de cookies de Facebook<\/span><span style=\"font-weight: 400;\"><br \/><br \/><\/span><\/a><\/p>\n<p><span style=\"font-weight: 400;\">LinkedIn:<\/span><a href=\"https:\/\/www.linkedin.com\/legal\/cookie-policy\"> <span style=\"font-weight: 400;\">Pol\u00edtica de cookies de LinkedIn<\/span><span style=\"font-weight: 400;\"><br \/><br \/><\/span><\/a><\/p>\n<p><span style=\"font-weight: 400;\">Instagram:<\/span><a href=\"https:\/\/help.instagram.com\/1896641480634370\"> <span style=\"font-weight: 400;\">Pol\u00edtica de cookies de Instagram<\/span><span style=\"font-weight: 400;\"><br \/><br \/><\/span><\/a><\/p>\n<p><span style=\"font-weight: 400;\">YouTube \/ Google:<\/span><a href=\"https:\/\/policies.google.com\/technologies\/types?hl=es\"> <span style=\"font-weight: 400;\">Tipos de cookies de Google<\/span><span style=\"font-weight: 400;\"><br \/><br \/><\/span><\/a><\/p>\n<h3><b>\u00bfC\u00f3mo puede gestionar o desactivar las cookies?<\/b><\/h3>\n<p><span style=\"font-weight: 400;\">Al acceder al sitio web por primera vez, el usuario ver\u00e1 un <\/span><b>banner o panel de configuraci\u00f3n<\/b><span style=\"font-weight: 400;\"> en el que puede aceptar, rechazar o configurar las cookies seg\u00fan sus preferencias. En cualquier momento puede cambiar su consentimiento a trav\u00e9s del bot\u00f3n de configuraci\u00f3n visible o reconfigurando su navegador.<\/span><\/p>\n<h4><b>Configuraci\u00f3n de cookies en los principales navegadores:<\/b><\/h4>\n<p><span style=\"font-weight: 400;\">Google Chrome <\/span><a href=\"https:\/\/support.google.com\/chrome\/answer\/95647?hl=es\"><span style=\"font-weight: 400;\">ver aqu\u00ed<\/span><span style=\"font-weight: 400;\"><br \/><\/span><\/a><span style=\"font-weight: 400;\">Mozilla Firefox <\/span><a href=\"https:\/\/support.mozilla.org\/es\/kb\/impedir-que-los-sitios-web-guarden-preferencias\"><span style=\"font-weight: 400;\">ver aqu\u00ed<\/span><span style=\"font-weight: 400;\"><br \/><\/span><\/a><span style=\"font-weight: 400;\">Safari<\/span><a href=\"https:\/\/support.apple.com\/es-es\/HT201265\"> <span style=\"font-weight: 400;\">ver aqu\u00ed<\/span><span style=\"font-weight: 400;\"><br \/><\/span><\/a><span style=\"font-weight: 400;\">Microsoft Edge <\/span><a href=\"https:\/\/support.microsoft.com\/es-es\/microsoft-edge\/eliminar-cookies-en-microsoft-edge-63947406-40ac-c3b8-57b9-2a946a29ae09\"><span style=\"font-weight: 400;\">ver aqu\u00ed<\/span><span style=\"font-weight: 400;\"><br \/><\/span><\/a><span style=\"font-weight: 400;\">Opera <\/span><a href=\"https:\/\/help.opera.com\/es\/latest\/web-preferences\/#cookies\"><span style=\"font-weight: 400;\">ver aqu\u00ed<\/span><span style=\"font-weight: 400;\"><br \/><br \/><\/span><\/a><\/p>\n<p><b>\u00bfSe elaboran perfiles con las cookies?<\/b><\/p>\n<p><span style=\"font-weight: 400;\">Solo en el caso de las cookies publicitarias, siempre y cuando el usuario lo haya consentido. ROHU no elabora perfiles autom\u00e1ticos sin el consentimiento del usuario.<\/span><\/p>\n<h3><b>Actualizaciones de la pol\u00edtica de cookies<\/b><\/h3>\n<p><span style=\"font-weight: 400;\">La presente pol\u00edtica de cookies puede modificarse cuando se introduzcan cambios en el sitio web o en la normativa vigente. Recomendamos revisar peri\u00f3dicamente.<\/span><\/p>\t\t\t\t\t\t\t\t<\/div>\n\t\t\t\t<\/div>\n\t\t\t\t<\/div>","protected":false},"excerpt":{"rendered":"<p>Pol\u00edtica de Cookies Fecha de \u00faltima actualizaci\u00f3n el 21\/07\/2025 En cumplimiento de lo dispuesto en el Reglamento (UE) 2016\/679 (RGPD), la Ley Org\u00e1nica 3\/2018 de Protecci\u00f3n de Datos Personales y garant\u00eda de los derechos digitales (LOPDGDD), y la Ley 34\/2002, de 11 de julio, de Servicios de la Sociedad de la Informaci\u00f3n y de Comercio &#8230; <a title=\"Pol\u00edtica de Cookies\" class=\"read-more\" href=\"https:\/\/rohuinnovations.com\/en\/politica-de-cookies\/\" aria-label=\"Read more about Pol\u00edtica de Cookies\">Read more<\/a><\/p>","protected":false},"author":4,"featured_media":0,"parent":0,"menu_order":0,"comment_status":"closed","ping_status":"closed","template":"elementor_header_footer","meta":{"footnotes":""},"class_list":["post-119","page","type-page","status-publish"],"yoast_head":"<!-- This site is optimized with the Yoast SEO plugin v27.4 - https:\/\/yoast.com\/product\/yoast-seo-wordpress\/ -->\n<title>Pol\u00edtica de Cookies - Rohu Innovations<\/title>\n<meta name=\"robots\" content=\"index, follow, max-snippet:-1, max-image-preview:large, max-video-preview:-1\" \/>\n<link rel=\"canonical\" href=\"https:\/\/rohuinnovations.com\/en\/politica-de-cookies\/\" \/>\n<meta property=\"og:locale\" content=\"en_US\" \/>\n<meta property=\"og:type\" content=\"article\" \/>\n<meta property=\"og:title\" content=\"Pol\u00edtica de Cookies - Rohu Innovations\" \/>\n<meta property=\"og:description\" content=\"Pol\u00edtica de Cookies Fecha de \u00faltima actualizaci\u00f3n el 21\/07\/2025 En cumplimiento de lo dispuesto en el Reglamento (UE) 2016\/679 (RGPD), la Ley Org\u00e1nica 3\/2018 de Protecci\u00f3n de Datos Personales y garant\u00eda de los derechos digitales (LOPDGDD), y la Ley 34\/2002, de 11 de julio, de Servicios de la Sociedad de la Informaci\u00f3n y de Comercio ... Read more\" \/>\n<meta property=\"og:url\" content=\"https:\/\/rohuinnovations.com\/en\/politica-de-cookies\/\" \/>\n<meta property=\"og:site_name\" content=\"Rohu Innovations\" \/>\n<meta property=\"article:modified_time\" content=\"2025-07-25T16:15:29+00:00\" \/>\n<meta name=\"twitter:card\" content=\"summary_large_image\" \/>\n<meta name=\"twitter:label1\" content=\"Est. reading time\" \/>\n\t<meta name=\"twitter:data1\" content=\"3 minutes\" \/>\n<script type=\"application\/ld+json\" class=\"yoast-schema-graph\">{\"@context\":\"https:\\\/\\\/schema.org\",\"@graph\":[{\"@type\":\"WebPage\",\"@id\":\"https:\\\/\\\/rohuinnovations.com\\\/politica-de-cookies\\\/\",\"url\":\"https:\\\/\\\/rohuinnovations.com\\\/politica-de-cookies\\\/\",\"name\":\"Pol\u00edtica de Cookies - Rohu Innovations\",\"isPartOf\":{\"@id\":\"https:\\\/\\\/rohuinnovations.com\\\/#website\"},\"datePublished\":\"2025-07-14T11:25:50+00:00\",\"dateModified\":\"2025-07-25T16:15:29+00:00\",\"breadcrumb\":{\"@id\":\"https:\\\/\\\/rohuinnovations.com\\\/politica-de-cookies\\\/#breadcrumb\"},\"inLanguage\":\"en-US\",\"potentialAction\":[{\"@type\":\"ReadAction\",\"target\":[\"https:\\\/\\\/rohuinnovations.com\\\/politica-de-cookies\\\/\"]}]},{\"@type\":\"BreadcrumbList\",\"@id\":\"https:\\\/\\\/rohuinnovations.com\\\/politica-de-cookies\\\/#breadcrumb\",\"itemListElement\":[{\"@type\":\"ListItem\",\"position\":1,\"name\":\"Portada\",\"item\":\"https:\\\/\\\/rohuinnovations.com\\\/\"},{\"@type\":\"ListItem\",\"position\":2,\"name\":\"Pol\u00edtica de Cookies\"}]},{\"@type\":\"WebSite\",\"@id\":\"https:\\\/\\\/rohuinnovations.com\\\/#website\",\"url\":\"https:\\\/\\\/rohuinnovations.com\\\/\",\"name\":\"Rohu Innovations\",\"description\":\"\",\"publisher\":{\"@id\":\"https:\\\/\\\/rohuinnovations.com\\\/#organization\"},\"potentialAction\":[{\"@type\":\"SearchAction\",\"target\":{\"@type\":\"EntryPoint\",\"urlTemplate\":\"https:\\\/\\\/rohuinnovations.com\\\/?s={search_term_string}\"},\"query-input\":{\"@type\":\"PropertyValueSpecification\",\"valueRequired\":true,\"valueName\":\"search_term_string\"}}],\"inLanguage\":\"en-US\"},{\"@type\":\"Organization\",\"@id\":\"https:\\\/\\\/rohuinnovations.com\\\/#organization\",\"name\":\"Rohu Innovations\",\"url\":\"https:\\\/\\\/rohuinnovations.com\\\/\",\"logo\":{\"@type\":\"ImageObject\",\"inLanguage\":\"en-US\",\"@id\":\"https:\\\/\\\/rohuinnovations.com\\\/#\\\/schema\\\/logo\\\/image\\\/\",\"url\":\"https:\\\/\\\/rohuinnovations.com\\\/wp-content\\\/uploads\\\/2025\\\/07\\\/ROHU-logoHorizontal-rojo.png\",\"contentUrl\":\"https:\\\/\\\/rohuinnovations.com\\\/wp-content\\\/uploads\\\/2025\\\/07\\\/ROHU-logoHorizontal-rojo.png\",\"width\":1001,\"height\":313,\"caption\":\"Rohu Innovations\"},\"image\":{\"@id\":\"https:\\\/\\\/rohuinnovations.com\\\/#\\\/schema\\\/logo\\\/image\\\/\"}}]}<\/script>\n<!-- \/ Yoast SEO plugin. -->","yoast_head_json":{"title":"Pol\u00edtica de Cookies - Rohu Innovations","robots":{"index":"index","follow":"follow","max-snippet":"max-snippet:-1","max-image-preview":"max-image-preview:large","max-video-preview":"max-video-preview:-1"},"canonical":"https:\/\/rohuinnovations.com\/en\/politica-de-cookies\/","og_locale":"en_US","og_type":"article","og_title":"Pol\u00edtica de Cookies - Rohu Innovations","og_description":"Pol\u00edtica de Cookies Fecha de \u00faltima actualizaci\u00f3n el 21\/07\/2025 En cumplimiento de lo dispuesto en el Reglamento (UE) 2016\/679 (RGPD), la Ley Org\u00e1nica 3\/2018 de Protecci\u00f3n de Datos Personales y garant\u00eda de los derechos digitales (LOPDGDD), y la Ley 34\/2002, de 11 de julio, de Servicios de la Sociedad de la Informaci\u00f3n y de Comercio ... Read more","og_url":"https:\/\/rohuinnovations.com\/en\/politica-de-cookies\/","og_site_name":"Rohu Innovations","article_modified_time":"2025-07-25T16:15:29+00:00","twitter_card":"summary_large_image","twitter_misc":{"Est. reading time":"3 minutes"},"schema":{"@context":"https:\/\/schema.org","@graph":[{"@type":"WebPage","@id":"https:\/\/rohuinnovations.com\/politica-de-cookies\/","url":"https:\/\/rohuinnovations.com\/politica-de-cookies\/","name":"Pol\u00edtica de Cookies - Rohu Innovations","isPartOf":{"@id":"https:\/\/rohuinnovations.com\/#website"},"datePublished":"2025-07-14T11:25:50+00:00","dateModified":"2025-07-25T16:15:29+00:00","breadcrumb":{"@id":"https:\/\/rohuinnovations.com\/politica-de-cookies\/#breadcrumb"},"inLanguage":"en-US","potentialAction":[{"@type":"ReadAction","target":["https:\/\/rohuinnovations.com\/politica-de-cookies\/"]}]},{"@type":"BreadcrumbList","@id":"https:\/\/rohuinnovations.com\/politica-de-cookies\/#breadcrumb","itemListElement":[{"@type":"ListItem","position":1,"name":"Portada","item":"https:\/\/rohuinnovations.com\/"},{"@type":"ListItem","position":2,"name":"Pol\u00edtica de Cookies"}]},{"@type":"WebSite","@id":"https:\/\/rohuinnovations.com\/#website","url":"https:\/\/rohuinnovations.com\/","name":"Rohu Innovations","description":"","publisher":{"@id":"https:\/\/rohuinnovations.com\/#organization"},"potentialAction":[{"@type":"SearchAction","target":{"@type":"EntryPoint","urlTemplate":"https:\/\/rohuinnovations.com\/?s={search_term_string}"},"query-input":{"@type":"PropertyValueSpecification","valueRequired":true,"valueName":"search_term_string"}}],"inLanguage":"en-US"},{"@type":"Organization","@id":"https:\/\/rohuinnovations.com\/#organization","name":"Rohu Innovations","url":"https:\/\/rohuinnovations.com\/","logo":{"@type":"ImageObject","inLanguage":"en-US","@id":"https:\/\/rohuinnovations.com\/#\/schema\/logo\/image\/","url":"https:\/\/rohuinnovations.com\/wp-content\/uploads\/2025\/07\/ROHU-logoHorizontal-rojo.png","contentUrl":"https:\/\/rohuinnovations.com\/wp-content\/uploads\/2025\/07\/ROHU-logoHorizontal-rojo.png","width":1001,"height":313,"caption":"Rohu Innovations"},"image":{"@id":"https:\/\/rohuinnovations.com\/#\/schema\/logo\/image\/"}}]}},"_links":{"self":[{"href":"https:\/\/rohuinnovations.com\/en\/wp-json\/wp\/v2\/pages\/119","targetHints":{"allow":["GET"]}}],"collection":[{"href":"https:\/\/rohuinnovations.com\/en\/wp-json\/wp\/v2\/pages"}],"about":[{"href":"https:\/\/rohuinnovations.com\/en\/wp-json\/wp\/v2\/types\/page"}],"author":[{"embeddable":true,"href":"https:\/\/rohuinnovations.com\/en\/wp-json\/wp\/v2\/users\/4"}],"replies":[{"embeddable":true,"href":"https:\/\/rohuinnovations.com\/en\/wp-json\/wp\/v2\/comments?post=119"}],"version-history":[{"count":7,"href":"https:\/\/rohuinnovations.com\/en\/wp-json\/wp\/v2\/pages\/119\/revisions"}],"predecessor-version":[{"id":1456,"href":"https:\/\/rohuinnovations.com\/en\/wp-json\/wp\/v2\/pages\/119\/revisions\/1456"}],"wp:attachment":[{"href":"https:\/\/rohuinnovations.com\/en\/wp-json\/wp\/v2\/media?parent=119"}],"curies":[{"name":"wp","href":"https:\/\/api.w.org\/{rel}","templated":true}]}}