{"id":3,"date":"2025-07-01T14:50:50","date_gmt":"2025-07-01T14:50:50","guid":{"rendered":"https:\/\/rohuinnovations.com\/?page_id=3"},"modified":"2025-07-25T18:15:43","modified_gmt":"2025-07-25T16:15:43","slug":"politica-de-privacidad","status":"publish","type":"page","link":"https:\/\/rohuinnovations.com\/en\/politica-de-privacidad\/","title":{"rendered":"Pol\u00edtica de Privacidad"},"content":{"rendered":"<div data-elementor-type=\"wp-page\" data-elementor-id=\"3\" class=\"elementor elementor-3\" data-elementor-post-type=\"page\">\n\t\t\t\t<div class=\"elementor-element elementor-element-3ddd207e e-con-full e-flex e-con e-parent\" data-id=\"3ddd207e\" data-element_type=\"container\" data-e-type=\"container\" data-settings=\"{&quot;background_background&quot;:&quot;classic&quot;}\">\n\t\t\t\t<div class=\"elementor-element elementor-element-626b3ea elementor-widget elementor-widget-heading\" data-id=\"626b3ea\" data-element_type=\"widget\" data-e-type=\"widget\" data-widget_type=\"heading.default\">\n\t\t\t\t\t<h1 class=\"elementor-heading-title elementor-size-default\">Pol\u00edtica de Privacidad<\/h1>\t\t\t\t<\/div>\n\t\t\t\t<div class=\"elementor-element elementor-element-4fd02ce4 elementor-widget elementor-widget-text-editor\" data-id=\"4fd02ce4\" data-element_type=\"widget\" data-e-type=\"widget\" data-widget_type=\"text-editor.default\">\n\t\t\t\t\t\t\t\t\t<p><b>Fecha de \u00faltima actualizaci\u00f3n el 21\/07\/2025<\/b><\/p>\n<p><span style=\"font-weight: 400;\">En cumplimiento de lo establecido en el Reglamento (UE) 2016\/679 (RGPD), la Ley Org\u00e1nica 3\/2018 (LOPDGDD), y dem\u00e1s normativa aplicable en materia de protecci\u00f3n de datos, esta Pol\u00edtica de Privacidad regula el tratamiento de los datos personales que realiza:<\/span><\/p>\n<p><span style=\"font-weight: 400;\">\u00a0<\/span><b style=\"text-align: initial;\">Responsable del tratamiento<\/b><\/p>\n<p><b>Titular:<\/b><span style=\"font-weight: 400;\"> ROHU Innovations S.L. (en adelante, \u201cROHU\u201d)<\/span><span style=\"font-weight: 400;\"><br \/><\/span><b>Nombre comercial:<\/b><span style=\"font-weight: 400;\"> ROHU Innovations<\/span><span style=\"font-weight: 400;\"><br \/><\/span><b>Domicilio social:<\/b><span style=\"font-weight: 400;\"> Carrer Pau Casals 3-1-1, 08757, Corbera de Llobregat, Barcelona, Espa\u00f1a<\/span><span style=\"font-weight: 400;\"><br \/><\/span><b>NIF:<\/b><span style=\"font-weight: 400;\"> B10522241<\/span><span style=\"font-weight: 400;\"><br \/><\/span><b>Tel\u00e9fono de contacto:<\/b><span style=\"font-weight: 400;\"> +34 623 431 757<\/span><span style=\"font-weight: 400;\"><br \/><\/span><b>Correo electr\u00f3nico:<\/b><span style=\"font-weight: 400;\"> info@rohuinnovations.com<\/span><span style=\"font-weight: 400;\"><br \/><\/span><b>Dominio web:<\/b><a href=\"https:\/\/rohuinnovations.com\/en\/\"> <span style=\"font-weight: 400;\">https:\/\/rohuinnovations.com<\/span><\/a><\/p>\n<p>\u00a0<\/p>\n<h2 class=\"wp-block-heading\">\u00a0<b style=\"font-family: inherit; font-size: 29px; font-style: inherit; text-align: initial;\">\u00bfCon qu\u00e9 finalidad tratamos sus datos?<\/b><\/h2>\n<p><span style=\"font-weight: 400;\">En ROHU tratamos la informaci\u00f3n que nos facilita con las siguientes finalidades:<\/span><\/p>\n<ul>\n<li style=\"font-weight: 400;\" aria-level=\"1\"><span style=\"font-weight: 400;\">Gestionar las consultas recibidas a trav\u00e9s de formularios web, correo electr\u00f3nico o cualquier otro medio de contacto.<\/span><\/li>\n<li style=\"font-weight: 400;\" aria-level=\"1\"><span style=\"font-weight: 400;\">Prestar los servicios solicitados y realizar gestiones administrativas relacionadas.<\/span><\/li>\n<li style=\"font-weight: 400;\" aria-level=\"1\"><span style=\"font-weight: 400;\">Enviar informaci\u00f3n comercial relacionada con nuestros servicios, siempre que contemos con su consentimiento.<\/span><\/li>\n<li style=\"font-weight: 400;\" aria-level=\"1\"><span style=\"font-weight: 400;\">Mejorar nuestros servicios, garantizar la seguridad del sitio web y prevenir usos indebidos o fraudulentos.<\/span>\n<p>\u00a0<\/p>\n<\/li>\n<\/ul>\n<h3><b>\u00bfQu\u00e9 datos recogemos?<\/b><\/h3>\n<p><span style=\"font-weight: 400;\">Los datos que podemos tratar incluyen:<\/span><\/p>\n<ul>\n<li style=\"font-weight: 400;\" aria-level=\"1\"><span style=\"font-weight: 400;\">Datos identificativos: nombre, apellidos, direcci\u00f3n de correo electr\u00f3nico, tel\u00e9fono.<\/span><\/li>\n<li style=\"font-weight: 400;\" aria-level=\"1\"><span style=\"font-weight: 400;\">Datos de navegaci\u00f3n: direcci\u00f3n IP, navegador, sistema operativo, p\u00e1ginas visitadas, etc. (mediante cookies, ver nuestra Pol\u00edtica de Cookies).<\/span><\/li>\n<\/ul>\n<p><span style=\"font-weight: 400;\">No recogemos datos especialmente protegidos ni realizamos decisiones automatizadas sin intervenci\u00f3n humana.<\/span><\/p>\n<h3><b>\u00bfCu\u00e1l es la base legal que nos legitima para tratar sus datos?<\/b><\/h3>\n<p><span style=\"font-weight: 400;\">-Consentimiento del interesado: cuando usted acepta expresamente el tratamiento de sus datos (formularios, newsletter, etc.).<\/span><span style=\"font-weight: 400;\"><br \/><\/span><span style=\"font-weight: 400;\">&#8211; Ejecuci\u00f3n de un contrato o medidas precontractuales: si contrata nuestros servicios o nos solicita presupuesto.<\/span><span style=\"font-weight: 400;\"><br \/><\/span><span style=\"font-weight: 400;\">&#8211; Cumplimiento de obligaciones legales: como, por ejemplo, facturaci\u00f3n y gesti\u00f3n contable.<\/span><span style=\"font-weight: 400;\"><br \/><\/span><span style=\"font-weight: 400;\">&#8211; Inter\u00e9s leg\u00edtimo: para el an\u00e1lisis estad\u00edstico, la mejora del sitio web o medidas antifraude, siempre ponderando sus derechos y libertades.<\/span><\/p>\n<p>\u00a0<\/p>\n<h3><b>\u00bfDurante cu\u00e1nto tiempo conservamos sus datos?<\/b><\/h3>\n<p><span style=\"font-weight: 400;\">Sus datos se conservar\u00e1n:<\/span><\/p>\n<ul>\n<li style=\"font-weight: 400;\" aria-level=\"1\"><span style=\"font-weight: 400;\">Mientras exista una relaci\u00f3n contractual o comercial.<\/span><\/li>\n<li style=\"font-weight: 400;\" aria-level=\"1\"><span style=\"font-weight: 400;\">Mientras no solicite su supresi\u00f3n.<\/span><\/li>\n<li style=\"font-weight: 400;\" aria-level=\"1\"><span style=\"font-weight: 400;\">Durante los plazos exigidos legalmente (fiscales, contractuales, etc.).<\/span><\/li>\n<li style=\"font-weight: 400;\" aria-level=\"1\"><span style=\"font-weight: 400;\">Hasta que se revoque el consentimiento para env\u00edos comerciales (en su caso).<\/span>\n<p>\u00a0<\/p>\n<\/li>\n<\/ul>\n<h3><b>\u00bfSe comunicar\u00e1n sus datos a terceros?<\/b><\/h3>\n<p><span style=\"font-weight: 400;\">No se ceder\u00e1n datos a terceros salvo:<\/span><\/p>\n<ul>\n<li style=\"font-weight: 400;\" aria-level=\"1\"><span style=\"font-weight: 400;\">Por obligaci\u00f3n legal o requerimiento judicial.<\/span><\/li>\n<li style=\"font-weight: 400;\" aria-level=\"1\"><span style=\"font-weight: 400;\">A proveedores que act\u00faan como <\/span><b>Encargados del Tratamiento<\/b><span style=\"font-weight: 400;\"> (ej. hosting, gestor\u00eda, plataforma de email marketing), con los que ROHU ha firmado los contratos pertinentes conforme al art\u00edculo 28 RGPD.<\/span><\/li>\n<li style=\"font-weight: 400;\" aria-level=\"1\"><span style=\"font-weight: 400;\">No se prev\u00e9n transferencias internacionales de datos.<\/span>\n<p>\u00a0<\/p>\n<\/li>\n<\/ul>\n<h3><b>\u00bfCu\u00e1les son sus derechos?<\/b><\/h3>\n<p><span style=\"font-weight: 400;\">Usted puede ejercer en cualquier momento sus derechos de:<\/span><\/p>\n<ul>\n<li style=\"font-weight: 400;\" aria-level=\"1\"><span style=\"font-weight: 400;\">Acceso a sus datos personales.<\/span><\/li>\n<li style=\"font-weight: 400;\" aria-level=\"1\"><span style=\"font-weight: 400;\">Rectificaci\u00f3n de los datos inexactos o incompletos.<\/span><\/li>\n<li style=\"font-weight: 400;\" aria-level=\"1\"><span style=\"font-weight: 400;\">Supresi\u00f3n (derecho al olvido).<\/span><\/li>\n<li style=\"font-weight: 400;\" aria-level=\"1\"><span style=\"font-weight: 400;\">Limitaci\u00f3n del tratamiento.\u00a0<\/span><\/li>\n<li style=\"font-weight: 400;\" aria-level=\"1\"><span style=\"font-weight: 400;\">Oposici\u00f3n al tratamiento.<\/span><\/li>\n<li style=\"font-weight: 400;\" aria-level=\"1\"><span style=\"font-weight: 400;\">Portabilidad de los datos a otro responsable.<\/span>\n<p>\u00a0<\/p>\n<\/li>\n<\/ul>\n<p><span style=\"font-weight: 400;\">Puede ejercer sus derechos enviando un email a <\/span><b>info@rohuinnovations.com<\/b><span style=\"font-weight: 400;\"> con el asunto: <\/span><i><span style=\"font-weight: 400;\">\u201cEjercicio de derechos RGPD\u201d<\/span><\/i><span style=\"font-weight: 400;\">, e indicando:<\/span><\/p>\n<ol>\n<li style=\"font-weight: 400;\" aria-level=\"1\"><span style=\"font-weight: 400;\">Nombre y apellidos.<\/span><\/li>\n<li style=\"font-weight: 400;\" aria-level=\"1\"><span style=\"font-weight: 400;\">N\u00famero de documento de identidad.<\/span><\/li>\n<li style=\"font-weight: 400;\" aria-level=\"1\"><span style=\"font-weight: 400;\">Derecho que desea ejercer.<\/span><\/li>\n<li style=\"font-weight: 400;\" aria-level=\"1\"><span style=\"font-weight: 400;\">Datos afectados.<\/span><\/li>\n<\/ol>\n<p><span style=\"font-weight: 400;\">En caso de no obtener respuesta satisfactoria, podr\u00e1 reclamar ante la Agencia Espa\u00f1ola de Protecci\u00f3n de Datos (<\/span><a href=\"http:\/\/www.aepd.es\"><span style=\"font-weight: 400;\">www.aepd.es<\/span><\/a><span style=\"font-weight: 400;\">).<\/span><\/p>\n<h3><b>\u00bfProcedencia de los datos?<\/b><\/h3>\n<p><span style=\"font-weight: 400;\">Los datos que tratamos proceden directamente de usted, a trav\u00e9s de los formularios del sitio web, emails o interacci\u00f3n directa. No obtenemos datos de terceros.<\/span><\/p>\n<h3><b>\u00bfQu\u00e9 medidas de seguridad aplicamos?<\/b><\/h3>\n<p><span style=\"font-weight: 400;\">ROHU ha adoptado las medidas t\u00e9cnicas y organizativas adecuadas conforme al RGPD, orientadas a garantizar la seguridad, confidencialidad e integridad de los datos personales tratados y a evitar su alteraci\u00f3n, p\u00e9rdida, tratamiento o acceso no autorizado.<\/span><\/p>\n<h3><b>Navegaci\u00f3n y cookies<\/b><\/h3>\n<p><span style=\"font-weight: 400;\">Este sitio web utiliza cookies propias y de terceros con fines t\u00e9cnicos, anal\u00edticos y publicitarios. Puede obtener m\u00e1s informaci\u00f3n en nuestra Pol\u00edtica de Cookies.<\/span><\/p>\t\t\t\t\t\t\t\t<\/div>\n\t\t\t\t<\/div>\n\t\t\t\t<\/div>","protected":false},"excerpt":{"rendered":"<p>Pol\u00edtica de Privacidad Fecha de \u00faltima actualizaci\u00f3n el 21\/07\/2025 En cumplimiento de lo establecido en el Reglamento (UE) 2016\/679 (RGPD), la Ley Org\u00e1nica 3\/2018 (LOPDGDD), y dem\u00e1s normativa aplicable en materia de protecci\u00f3n de datos, esta Pol\u00edtica de Privacidad regula el tratamiento de los datos personales que realiza: \u00a0Responsable del tratamiento Titular: ROHU Innovations S.L. &#8230; <a title=\"Pol\u00edtica de Privacidad\" class=\"read-more\" href=\"https:\/\/rohuinnovations.com\/en\/politica-de-privacidad\/\" aria-label=\"Read more about Pol\u00edtica de Privacidad\">Read more<\/a><\/p>","protected":false},"author":1,"featured_media":0,"parent":0,"menu_order":0,"comment_status":"closed","ping_status":"closed","template":"elementor_header_footer","meta":{"footnotes":""},"class_list":["post-3","page","type-page","status-publish"],"yoast_head":"<!-- This site is optimized with the Yoast SEO plugin v27.4 - https:\/\/yoast.com\/product\/yoast-seo-wordpress\/ -->\n<title>Pol\u00edtica de Privacidad - Rohu Innovations<\/title>\n<meta name=\"robots\" content=\"index, follow, max-snippet:-1, max-image-preview:large, max-video-preview:-1\" \/>\n<link rel=\"canonical\" href=\"https:\/\/rohuinnovations.com\/en\/politica-de-privacidad\/\" \/>\n<meta property=\"og:locale\" content=\"en_US\" \/>\n<meta property=\"og:type\" content=\"article\" \/>\n<meta property=\"og:title\" content=\"Pol\u00edtica de Privacidad - Rohu Innovations\" \/>\n<meta property=\"og:description\" content=\"Pol\u00edtica de Privacidad Fecha de \u00faltima actualizaci\u00f3n el 21\/07\/2025 En cumplimiento de lo establecido en el Reglamento (UE) 2016\/679 (RGPD), la Ley Org\u00e1nica 3\/2018 (LOPDGDD), y dem\u00e1s normativa aplicable en materia de protecci\u00f3n de datos, esta Pol\u00edtica de Privacidad regula el tratamiento de los datos personales que realiza: \u00a0Responsable del tratamiento Titular: ROHU Innovations S.L. ... Read more\" \/>\n<meta property=\"og:url\" content=\"https:\/\/rohuinnovations.com\/en\/politica-de-privacidad\/\" \/>\n<meta property=\"og:site_name\" content=\"Rohu Innovations\" \/>\n<meta property=\"article:modified_time\" content=\"2025-07-25T16:15:43+00:00\" \/>\n<meta name=\"twitter:card\" content=\"summary_large_image\" \/>\n<meta name=\"twitter:label1\" content=\"Est. reading time\" \/>\n\t<meta name=\"twitter:data1\" content=\"3 minutes\" \/>\n<script type=\"application\/ld+json\" class=\"yoast-schema-graph\">{\"@context\":\"https:\\\/\\\/schema.org\",\"@graph\":[{\"@type\":\"WebPage\",\"@id\":\"https:\\\/\\\/rohuinnovations.com\\\/politica-de-privacidad\\\/\",\"url\":\"https:\\\/\\\/rohuinnovations.com\\\/politica-de-privacidad\\\/\",\"name\":\"Pol\u00edtica de Privacidad - Rohu Innovations\",\"isPartOf\":{\"@id\":\"https:\\\/\\\/rohuinnovations.com\\\/#website\"},\"datePublished\":\"2025-07-01T14:50:50+00:00\",\"dateModified\":\"2025-07-25T16:15:43+00:00\",\"breadcrumb\":{\"@id\":\"https:\\\/\\\/rohuinnovations.com\\\/politica-de-privacidad\\\/#breadcrumb\"},\"inLanguage\":\"en-US\",\"potentialAction\":[{\"@type\":\"ReadAction\",\"target\":[\"https:\\\/\\\/rohuinnovations.com\\\/politica-de-privacidad\\\/\"]}]},{\"@type\":\"BreadcrumbList\",\"@id\":\"https:\\\/\\\/rohuinnovations.com\\\/politica-de-privacidad\\\/#breadcrumb\",\"itemListElement\":[{\"@type\":\"ListItem\",\"position\":1,\"name\":\"Portada\",\"item\":\"https:\\\/\\\/rohuinnovations.com\\\/\"},{\"@type\":\"ListItem\",\"position\":2,\"name\":\"Pol\u00edtica de Privacidad\"}]},{\"@type\":\"WebSite\",\"@id\":\"https:\\\/\\\/rohuinnovations.com\\\/#website\",\"url\":\"https:\\\/\\\/rohuinnovations.com\\\/\",\"name\":\"Rohu Innovations\",\"description\":\"\",\"publisher\":{\"@id\":\"https:\\\/\\\/rohuinnovations.com\\\/#organization\"},\"potentialAction\":[{\"@type\":\"SearchAction\",\"target\":{\"@type\":\"EntryPoint\",\"urlTemplate\":\"https:\\\/\\\/rohuinnovations.com\\\/?s={search_term_string}\"},\"query-input\":{\"@type\":\"PropertyValueSpecification\",\"valueRequired\":true,\"valueName\":\"search_term_string\"}}],\"inLanguage\":\"en-US\"},{\"@type\":\"Organization\",\"@id\":\"https:\\\/\\\/rohuinnovations.com\\\/#organization\",\"name\":\"Rohu Innovations\",\"url\":\"https:\\\/\\\/rohuinnovations.com\\\/\",\"logo\":{\"@type\":\"ImageObject\",\"inLanguage\":\"en-US\",\"@id\":\"https:\\\/\\\/rohuinnovations.com\\\/#\\\/schema\\\/logo\\\/image\\\/\",\"url\":\"https:\\\/\\\/rohuinnovations.com\\\/wp-content\\\/uploads\\\/2025\\\/07\\\/ROHU-logoHorizontal-rojo.png\",\"contentUrl\":\"https:\\\/\\\/rohuinnovations.com\\\/wp-content\\\/uploads\\\/2025\\\/07\\\/ROHU-logoHorizontal-rojo.png\",\"width\":1001,\"height\":313,\"caption\":\"Rohu Innovations\"},\"image\":{\"@id\":\"https:\\\/\\\/rohuinnovations.com\\\/#\\\/schema\\\/logo\\\/image\\\/\"}}]}<\/script>\n<!-- \/ Yoast SEO plugin. -->","yoast_head_json":{"title":"Pol\u00edtica de Privacidad - Rohu Innovations","robots":{"index":"index","follow":"follow","max-snippet":"max-snippet:-1","max-image-preview":"max-image-preview:large","max-video-preview":"max-video-preview:-1"},"canonical":"https:\/\/rohuinnovations.com\/en\/politica-de-privacidad\/","og_locale":"en_US","og_type":"article","og_title":"Pol\u00edtica de Privacidad - Rohu Innovations","og_description":"Pol\u00edtica de Privacidad Fecha de \u00faltima actualizaci\u00f3n el 21\/07\/2025 En cumplimiento de lo establecido en el Reglamento (UE) 2016\/679 (RGPD), la Ley Org\u00e1nica 3\/2018 (LOPDGDD), y dem\u00e1s normativa aplicable en materia de protecci\u00f3n de datos, esta Pol\u00edtica de Privacidad regula el tratamiento de los datos personales que realiza: \u00a0Responsable del tratamiento Titular: ROHU Innovations S.L. ... Read more","og_url":"https:\/\/rohuinnovations.com\/en\/politica-de-privacidad\/","og_site_name":"Rohu Innovations","article_modified_time":"2025-07-25T16:15:43+00:00","twitter_card":"summary_large_image","twitter_misc":{"Est. reading time":"3 minutes"},"schema":{"@context":"https:\/\/schema.org","@graph":[{"@type":"WebPage","@id":"https:\/\/rohuinnovations.com\/politica-de-privacidad\/","url":"https:\/\/rohuinnovations.com\/politica-de-privacidad\/","name":"Pol\u00edtica de Privacidad - Rohu Innovations","isPartOf":{"@id":"https:\/\/rohuinnovations.com\/#website"},"datePublished":"2025-07-01T14:50:50+00:00","dateModified":"2025-07-25T16:15:43+00:00","breadcrumb":{"@id":"https:\/\/rohuinnovations.com\/politica-de-privacidad\/#breadcrumb"},"inLanguage":"en-US","potentialAction":[{"@type":"ReadAction","target":["https:\/\/rohuinnovations.com\/politica-de-privacidad\/"]}]},{"@type":"BreadcrumbList","@id":"https:\/\/rohuinnovations.com\/politica-de-privacidad\/#breadcrumb","itemListElement":[{"@type":"ListItem","position":1,"name":"Portada","item":"https:\/\/rohuinnovations.com\/"},{"@type":"ListItem","position":2,"name":"Pol\u00edtica de Privacidad"}]},{"@type":"WebSite","@id":"https:\/\/rohuinnovations.com\/#website","url":"https:\/\/rohuinnovations.com\/","name":"Rohu Innovations","description":"","publisher":{"@id":"https:\/\/rohuinnovations.com\/#organization"},"potentialAction":[{"@type":"SearchAction","target":{"@type":"EntryPoint","urlTemplate":"https:\/\/rohuinnovations.com\/?s={search_term_string}"},"query-input":{"@type":"PropertyValueSpecification","valueRequired":true,"valueName":"search_term_string"}}],"inLanguage":"en-US"},{"@type":"Organization","@id":"https:\/\/rohuinnovations.com\/#organization","name":"Rohu Innovations","url":"https:\/\/rohuinnovations.com\/","logo":{"@type":"ImageObject","inLanguage":"en-US","@id":"https:\/\/rohuinnovations.com\/#\/schema\/logo\/image\/","url":"https:\/\/rohuinnovations.com\/wp-content\/uploads\/2025\/07\/ROHU-logoHorizontal-rojo.png","contentUrl":"https:\/\/rohuinnovations.com\/wp-content\/uploads\/2025\/07\/ROHU-logoHorizontal-rojo.png","width":1001,"height":313,"caption":"Rohu Innovations"},"image":{"@id":"https:\/\/rohuinnovations.com\/#\/schema\/logo\/image\/"}}]}},"_links":{"self":[{"href":"https:\/\/rohuinnovations.com\/en\/wp-json\/wp\/v2\/pages\/3","targetHints":{"allow":["GET"]}}],"collection":[{"href":"https:\/\/rohuinnovations.com\/en\/wp-json\/wp\/v2\/pages"}],"about":[{"href":"https:\/\/rohuinnovations.com\/en\/wp-json\/wp\/v2\/types\/page"}],"author":[{"embeddable":true,"href":"https:\/\/rohuinnovations.com\/en\/wp-json\/wp\/v2\/users\/1"}],"replies":[{"embeddable":true,"href":"https:\/\/rohuinnovations.com\/en\/wp-json\/wp\/v2\/comments?post=3"}],"version-history":[{"count":8,"href":"https:\/\/rohuinnovations.com\/en\/wp-json\/wp\/v2\/pages\/3\/revisions"}],"predecessor-version":[{"id":1459,"href":"https:\/\/rohuinnovations.com\/en\/wp-json\/wp\/v2\/pages\/3\/revisions\/1459"}],"wp:attachment":[{"href":"https:\/\/rohuinnovations.com\/en\/wp-json\/wp\/v2\/media?parent=3"}],"curies":[{"name":"wp","href":"https:\/\/api.w.org\/{rel}","templated":true}]}}